{"id":1202,"date":"2025-01-20T18:01:53","date_gmt":"2025-01-20T18:01:53","guid":{"rendered":"https:\/\/jf-travassos.pt\/?page_id=1202"},"modified":"2025-05-06T22:48:55","modified_gmt":"2025-05-06T22:48:55","slug":"rh-procedimentos-concursais","status":"publish","type":"page","link":"https:\/\/jf-travassos.pt\/?page_id=1202","title":{"rendered":"RH &#8211; Procedimentos Concursais"},"content":{"rendered":"\n<h2 class=\"wp-block-heading\">Procedimentos Concursais<\/h2>\n\n\n\n<div id=\"wp-block-themeisle-blocks-button-group-14ad9837\" class=\"wp-block-themeisle-blocks-button-group wp-block-buttons\">\n<div id=\"wp-block-themeisle-blocks-button-68c4eb45\" class=\"wp-block-themeisle-blocks-button wp-block-button\"><a target=\"_self\" rel=\"noopener noreferrer\" class=\"wp-block-button__link\"><span>2025<\/span><\/a><\/div>\n<\/div>\n\n\n\n<div id=\"wp-block-themeisle-blocks-accordion-c618a785\" class=\"wp-block-themeisle-blocks-accordion exclusive\">\n<details class=\"wp-block-themeisle-blocks-accordion-item\"><summary class=\"wp-block-themeisle-blocks-accordion-item__title\"><div><strong>Procedimento concursal comum para a contrata\u00e7\u00e3o de dois assistentes operacionais, para exercer fun\u00e7\u00f5es como cantoneiro<\/strong><\/div><\/summary><div class=\"wp-block-themeisle-blocks-accordion-item__content\">\n<ul class=\"wp-block-list\">\n<li><a href=\"https:\/\/jf-travassos.pt\/wp-content\/DOCS\/RH\/03_Aviso Integral_Procedimento Concursal Comum.pdf\" target=\"_blank\" rel=\"noreferrer noopener\">Aviso de Abertura Integral<\/a><\/li>\n\n\n\n<li><a href=\"https:\/\/jf-travassos.pt\/wp-content\/DOCS\/RH\/04_Formul\u00e1rio de candidatura.pdf\" target=\"_blank\" rel=\"noreferrer noopener\">Formul\u00e1rio de candidatura<\/a><\/li>\n\n\n\n<li><a href=\"https:\/\/jf-travassos.pt\/wp-content\/DOCS\/RH\/05_Ata1.pdf\" target=\"_blank\" rel=\"noreferrer noopener\">Ata n\u00ba 1<\/a><\/li>\n\n\n\n<li><a href=\"https:\/\/diariodarepublica.pt\/dr\/detalhe\/aviso-extrato\/1654-2025-903948510\" data-type=\"link\" data-id=\"https:\/\/diariodarepublica.pt\/dr\/detalhe\/aviso-extrato\/1654-2025-903948510\" target=\"_blank\" rel=\"noreferrer noopener\">Publica\u00e7\u00e3o em Di\u00e1rio da Rep\u00fablica<\/a><\/li>\n\n\n\n<li><a href=\"https:\/\/www.bep.gov.pt\/pages\/oferta\/Oferta_Detalhes.aspx?CodOferta=131572\" target=\"_blank\" rel=\"noreferrer noopener\">Publica\u00e7\u00e3o na Bolsa de Emprego P\u00fablico<\/a><\/li>\n\n\n\n<li><a href=\"https:\/\/jf-travassos.pt\/wp-content\/DOCS\/RH\/06_Ata2.pdf\" target=\"_blank\" rel=\"noreferrer noopener\">Ata n\u00ba 2<\/a><\/li>\n\n\n\n<li><a href=\"https:\/\/jf-travassos.pt\/wp-content\/DOCS\/RH\/07_FormulariodeAudienciaPrevia.pdf\" target=\"_blank\" rel=\"noreferrer noopener\">Formul\u00e1rio de Audi\u00eancia Pr\u00e9via<\/a><\/li>\n\n\n\n<li><a href=\"https:\/\/jf-travassos.pt\/wp-content\/DOCS\/RH\/08_Ata3.pdf\" target=\"_blank\" rel=\"noreferrer noopener\">Ata n\u00ba 3<\/a><\/li>\n\n\n\n<li><a href=\"https:\/\/jf-travassos.pt\/wp-content\/DOCS\/RH\/09_Ata4.pdf\" target=\"_blank\" rel=\"noreferrer noopener\">Ata n\u00ba 4<\/a><\/li>\n<\/ul>\n<\/div><\/details>\n<\/div>\n\n\n\n<p><\/p>\n","protected":false},"excerpt":{"rendered":"<p>Procedimentos Concursais<\/p>\n","protected":false},"author":1,"featured_media":0,"parent":0,"menu_order":0,"comment_status":"closed","ping_status":"closed","template":"","meta":{"neve_meta_sidebar":"","neve_meta_container":"","neve_meta_enable_content_width":"","neve_meta_content_width":0,"neve_meta_title_alignment":"","neve_meta_author_avatar":"","neve_post_elements_order":"","neve_meta_disable_header":"","neve_meta_disable_footer":"","neve_meta_disable_title":"on","_themeisle_gutenberg_block_has_review":false,"footnotes":""},"class_list":["post-1202","page","type-page","status-publish","hentry"],"_links":{"self":[{"href":"https:\/\/jf-travassos.pt\/index.php?rest_route=\/wp\/v2\/pages\/1202","targetHints":{"allow":["GET"]}}],"collection":[{"href":"https:\/\/jf-travassos.pt\/index.php?rest_route=\/wp\/v2\/pages"}],"about":[{"href":"https:\/\/jf-travassos.pt\/index.php?rest_route=\/wp\/v2\/types\/page"}],"author":[{"embeddable":true,"href":"https:\/\/jf-travassos.pt\/index.php?rest_route=\/wp\/v2\/users\/1"}],"replies":[{"embeddable":true,"href":"https:\/\/jf-travassos.pt\/index.php?rest_route=%2Fwp%2Fv2%2Fcomments&post=1202"}],"version-history":[{"count":14,"href":"https:\/\/jf-travassos.pt\/index.php?rest_route=\/wp\/v2\/pages\/1202\/revisions"}],"predecessor-version":[{"id":1354,"href":"https:\/\/jf-travassos.pt\/index.php?rest_route=\/wp\/v2\/pages\/1202\/revisions\/1354"}],"wp:attachment":[{"href":"https:\/\/jf-travassos.pt\/index.php?rest_route=%2Fwp%2Fv2%2Fmedia&parent=1202"}],"curies":[{"name":"wp","href":"https:\/\/api.w.org\/{rel}","templated":true}]}}